{"id":778,"date":"2022-02-24T09:53:46","date_gmt":"2022-02-24T09:53:46","guid":{"rendered":"https:\/\/richibass.com\/index.php\/shows\/"},"modified":"2023-08-05T05:23:51","modified_gmt":"2023-08-05T05:23:51","slug":"shows","status":"publish","type":"page","link":"https:\/\/richibass.com\/en\/shows\/","title":{"rendered":"Shows"},"content":{"rendered":"<div class=\"wp-block-uagb-container uagb-block-2a481480 alignfull uagb-is-root-container\"><div class=\"uagb-container-inner-blocks-wrap\">\n<div class=\"wp-block-uagb-advanced-heading uagb-block-0677c86f\"><h1 class=\"uagb-heading-text\">Conciertos<\/h1><p class=\"uagb-desc-text\">Rock  Jazz  Funk  Latina  Pop<\/p><\/div>\n<\/div><\/div>\n\n\n\n<div class=\"wp-block-uagb-container uagb-block-83110fc7 alignfull uagb-is-root-container\"><div class=\"uagb-container-inner-blocks-wrap\">\n<div class=\"wp-block-uagb-advanced-heading uagb-block-57101ab2\"><h5 class=\"uagb-heading-text\">Pr\u00f3ximos conciertos<\/h5><\/div>\n\n\n\n<div class=\"wp-block-uagb-container uagb-block-f7aa876d\">\n<div class=\"wp-block-uagb-info-box uagb-block-25e7945d uagb-infobox__content-wrap  uagb-infobox_cta-type-all uagb-infobox-icon-above-title uagb-infobox-image-valign-top uag-hide-tab uag-hide-mob\"><a href=\"https:\/\/youtu.be\/_Lhzu6F4tv4\" class=\"uagb-infobox-link-wrap uagb-infbox__link-to-all\" target=\"_blank\" aria-label=\"Infobox Link\" rel=\"noopener noreferrer\" onclick=\"return true;\"><\/a><div class=\"uagb-ifb-content\"><div class=\"uagb-ifb-icon-wrap\"><div class=\"uagb-iconbox-icon-wrap uagb-infobox-shape-circle\"><svg xmlns=\"https:\/\/www.w3.org\/2000\/svg\" viewbox=\"0 0 384 512\"><path d=\"M361 215C375.3 223.8 384 239.3 384 256C384 272.7 375.3 288.2 361 296.1L73.03 472.1C58.21 482 39.66 482.4 24.52 473.9C9.377 465.4 0 449.4 0 432V80C0 62.64 9.377 46.63 24.52 38.13C39.66 29.64 58.21 29.99 73.03 39.04L361 215z\"><\/path><\/svg><\/div><\/div><div class=\"uagb-ifb-title-wrap\"><\/div><div class=\"uagb-ifb-button-wrapper wp-block-button\"><\/div><\/div><\/div>\n<\/div>\n\n\n\n<div class=\"wp-block-uagb-advanced-heading uagb-block-fdd90c58\"><h6 class=\"uagb-heading-text\">Ricardo Tirado &#8211; Online<\/h6><p class=\"uagb-desc-text\">Click en la imagen para m\u00e1s informaci\u00f3n<\/p><\/div>\n<\/div><\/div>\n\n\n\n<div class=\"wp-block-uagb-container uagb-block-ef0facad alignfull uagb-is-root-container\"><div class=\"uagb-container-inner-blocks-wrap\">\n<div class=\"wp-block-uagb-container uagb-block-1ea29bc2\">\n<div class=\"wp-block-uagb-container uagb-block-e51c59b9\">\n<div class=\"wp-block-uagb-container uagb-block-080ec667\">\n<div class=\"wp-block-uagb-advanced-heading uagb-block-affca0c6\"><h6 class=\"uagb-heading-text\">06 Aug<\/h6><\/div>\n<\/div>\n\n\n\n<div class=\"wp-block-uagb-container uagb-block-ada0bab3\">\n<div class=\"wp-block-uagb-advanced-heading uagb-block-76b50380\"><p class=\"uagb-heading-text\">Valencia<\/p><\/div>\n<\/div>\n\n\n\n<div class=\"wp-block-uagb-container uagb-block-841f4d6c\">\n<div class=\"wp-block-uagb-advanced-heading uagb-block-f51d2fed\"><p class=\"uagb-heading-text\">Ana Mena &#8211; Arenal Sound Festival<\/p><\/div>\n<\/div>\n<\/div>\n\n\n\n<div class=\"wp-block-uagb-container uagb-block-9877a8ef\">\n<div class=\"wp-block-uagb-container uagb-block-8fca1a6d\">\n<div class=\"wp-block-uagb-advanced-heading uagb-block-e6b89e22\"><h6 class=\"uagb-heading-text\">25 Ago<\/h6><\/div>\n<\/div>\n\n\n\n<div class=\"wp-block-uagb-container uagb-block-f271fa33\">\n<div class=\"wp-block-uagb-advanced-heading uagb-block-5f95a314\"><p class=\"uagb-heading-text\">C\u00e1diz<\/p><\/div>\n<\/div>\n\n\n\n<div class=\"wp-block-uagb-container uagb-block-2c40a58a\">\n<div class=\"wp-block-uagb-advanced-heading uagb-block-f8669990\"><p class=\"uagb-heading-text\">Ana Mena &#8211; Bah\u00eda Sound<\/p><\/div>\n<\/div>\n<\/div>\n\n\n\n<div class=\"wp-block-uagb-container uagb-block-be69bdb9\">\n<div class=\"wp-block-uagb-container uagb-block-fde9c860\">\n<div class=\"wp-block-uagb-advanced-heading uagb-block-9e568adf\"><h6 class=\"uagb-heading-text\">02 Sep<\/h6><\/div>\n<\/div>\n\n\n\n<div class=\"wp-block-uagb-container uagb-block-f1b91b51\">\n<div class=\"wp-block-uagb-advanced-heading uagb-block-8fadf445\"><p class=\"uagb-heading-text\">M\u00e1laga<\/p><\/div>\n<\/div>\n\n\n\n<div class=\"wp-block-uagb-container uagb-block-d7914fdb\">\n<div class=\"wp-block-uagb-advanced-heading uagb-block-da4df883\"><p class=\"uagb-heading-text\">Ana Mena &#8211; Plaza de Toros La Malagueta<\/p><\/div>\n<\/div>\n<\/div>\n<\/div>\n\n\n\n<div class=\"wp-block-uagb-container uagb-block-b63ea6a7\">\n<div class=\"wp-block-uagb-container uagb-block-e4aef237\">\n<div class=\"wp-block-uagb-container uagb-block-fb0c9887\">\n<div class=\"wp-block-uagb-advanced-heading uagb-block-2e46c8db\"><h6 class=\"uagb-heading-text\">09 Sep<\/h6><\/div>\n<\/div>\n\n\n\n<div class=\"wp-block-uagb-container uagb-block-8ad977ff\">\n<div class=\"wp-block-uagb-advanced-heading uagb-block-9f039ca0\"><p class=\"uagb-heading-text\">Madrid<\/p><\/div>\n<\/div>\n\n\n\n<div class=\"wp-block-uagb-container uagb-block-23e5c7c6\">\n<div class=\"wp-block-uagb-advanced-heading uagb-block-886f2266\"><p class=\"uagb-heading-text\">Ana Mena &#8211; Wizink Center<\/p><\/div>\n<\/div>\n<\/div>\n\n\n\n<div class=\"wp-block-uagb-container uagb-block-0e8e8afe\">\n<div class=\"wp-block-uagb-container uagb-block-10ea3424\">\n<div class=\"wp-block-uagb-advanced-heading uagb-block-bcfb6376\"><h6 class=\"uagb-heading-text\">08 Oct<\/h6><\/div>\n<\/div>\n\n\n\n<div class=\"wp-block-uagb-container uagb-block-ae4d7db0\">\n<div class=\"wp-block-uagb-advanced-heading uagb-block-2c816fa0\"><p class=\"uagb-heading-text\">Madrid<\/p><\/div>\n<\/div>\n\n\n\n<div class=\"wp-block-uagb-container uagb-block-e598985d\">\n<div class=\"wp-block-uagb-advanced-heading uagb-block-0cd4f68a\"><p class=\"uagb-heading-text\">Kids Rock Family &#8211; Sala Galileo Galilei<\/p><\/div>\n<\/div>\n<\/div>\n\n\n\n<div class=\"wp-block-uagb-container uagb-block-b4dd99d8\">\n<div class=\"wp-block-uagb-container uagb-block-79c1ddb5\">\n<div class=\"wp-block-uagb-advanced-heading uagb-block-61516922\"><h6 class=\"uagb-heading-text\">15 Oct<\/h6><\/div>\n<\/div>\n\n\n\n<div class=\"wp-block-uagb-container uagb-block-b8e88074\">\n<div class=\"wp-block-uagb-advanced-heading uagb-block-9f2faa63\"><p class=\"uagb-heading-text\">Madrid<\/p><\/div>\n<\/div>\n\n\n\n<div class=\"wp-block-uagb-container uagb-block-8a76b343\">\n<div class=\"wp-block-uagb-advanced-heading uagb-block-400441d5\"><p class=\"uagb-heading-text\">Street Wings &#8211; Sala Galileo Galilei<\/p><\/div>\n<\/div>\n<\/div>\n<\/div>\n<\/div><\/div>\n\n\n\n<div class=\"wp-block-uagb-container uagb-block-3055a13b alignfull uagb-is-root-container\"><div class=\"uagb-container__shape uagb-container__shape-top uagb-container__shape-flip\"><svg xmlns=\"https:\/\/www.w3.org\/2000\/svg\" viewbox=\"0 0 1000 100\" preserveaspectratio=\"none\"><path class=\"uagb-container__shape-fill\" d=\"M0,6V0h1000v100L0,6z\"><\/path><\/svg><\/div><div class=\"uagb-container__shape uagb-container__shape-bottom uagb-container__shape-flip uagb-container__invert\" data-negative=\"false\"><svg xmlns=\"https:\/\/www.w3.org\/2000\/svg\" viewbox=\"0 0 1000 100\" preserveaspectratio=\"none\"><path class=\"uagb-container__shape-fill\" d=\"M0,6V0h1000v100L0,6z\"><\/path><\/svg><\/div>\n<div class=\"wp-block-uagb-info-box uagb-block-7140da0e uagb-infobox__content-wrap  uagb-infobox-icon-above-title uagb-infobox-image-valign-top\"><div class=\"uagb-ifb-content\"><div class=\"uagb-ifb-title-wrap\"><h3 class=\"uagb-ifb-title\">Reserva tu entrada conmigo<\/h3><\/div><div class=\"uagb-ifb-button-wrapper wp-block-button\"><a href=\"https:\/\/richibass.com\/contacto\/\" class=\"uagb-infobox-cta-link wp-block-button__link\" target=\"_blank\" rel=\"noopener noreferrer\" onclick=\"return true;\" alt=\"\"><span class=\"uagb-inline-editing\">TICKETS<\/span><\/a><\/div><\/div><\/div>\n<\/div>","protected":false},"excerpt":{"rendered":"<p>Conciertos Rock Jazz Funk Latina Pop Pr\u00f3ximos conciertos Ricardo Tirado &#8211; Online Click en la imagen para m\u00e1s informaci\u00f3n 06 Aug Valencia Ana Mena &#8211; Arenal Sound Festival 25 Ago C\u00e1diz Ana Mena &#8211; Bah\u00eda Sound 02 Sep M\u00e1laga Ana Mena &#8211; Plaza de Toros La Malagueta 09 Sep Madrid Ana Mena &#8211; Wizink Center [&hellip;]<\/p>","protected":false},"author":1,"featured_media":0,"parent":0,"menu_order":0,"comment_status":"closed","ping_status":"closed","template":"","meta":{"_uag_custom_page_level_css":"","site-sidebar-layout":"no-sidebar","site-content-layout":"plain-container","ast-site-content-layout":"default","site-content-style":"default","site-sidebar-style":"default","ast-global-header-display":"","ast-banner-title-visibility":"","ast-main-header-display":"","ast-hfb-above-header-display":"","ast-hfb-below-header-display":"","ast-hfb-mobile-header-display":"","site-post-title":"disabled","ast-breadcrumbs-content":"","ast-featured-img":"disabled","footer-sml-layout":"","ast-disable-related-posts":"","theme-transparent-header-meta":"enabled","adv-header-id-meta":"","stick-header-meta":"","header-above-stick-meta":"","header-main-stick-meta":"","header-below-stick-meta":"","astra-migrate-meta-layouts":"default","ast-page-background-enabled":"default","ast-page-background-meta":{"desktop":{"background-color":"","background-image":"","background-repeat":"repeat","background-position":"center center","background-size":"auto","background-attachment":"scroll","background-type":"","background-media":"","overlay-type":"","overlay-color":"","overlay-opacity":"","overlay-gradient":""},"tablet":{"background-color":"","background-image":"","background-repeat":"repeat","background-position":"center center","background-size":"auto","background-attachment":"scroll","background-type":"","background-media":"","overlay-type":"","overlay-color":"","overlay-opacity":"","overlay-gradient":""},"mobile":{"background-color":"","background-image":"","background-repeat":"repeat","background-position":"center center","background-size":"auto","background-attachment":"scroll","background-type":"","background-media":"","overlay-type":"","overlay-color":"","overlay-opacity":"","overlay-gradient":""}},"ast-content-background-meta":{"desktop":{"background-color":"var(--ast-global-color-5)","background-image":"","background-repeat":"repeat","background-position":"center center","background-size":"auto","background-attachment":"scroll","background-type":"","background-media":"","overlay-type":"","overlay-color":"","overlay-opacity":"","overlay-gradient":""},"tablet":{"background-color":"var(--ast-global-color-5)","background-image":"","background-repeat":"repeat","background-position":"center center","background-size":"auto","background-attachment":"scroll","background-type":"","background-media":"","overlay-type":"","overlay-color":"","overlay-opacity":"","overlay-gradient":""},"mobile":{"background-color":"var(--ast-global-color-5)","background-image":"","background-repeat":"repeat","background-position":"center center","background-size":"auto","background-attachment":"scroll","background-type":"","background-media":"","overlay-type":"","overlay-color":"","overlay-opacity":"","overlay-gradient":""}},"footnotes":""},"class_list":["post-778","page","type-page","status-publish","hentry"],"uagb_featured_image_src":{"full":false,"thumbnail":false,"medium":false,"medium_large":false,"large":false,"1536x1536":false,"2048x2048":false,"trp-custom-language-flag":false},"uagb_author_info":{"display_name":"richibass","author_link":"https:\/\/richibass.com\/en\/author\/richibass\/"},"uagb_comment_info":0,"uagb_excerpt":"Conciertos Rock Jazz Funk Latina Pop Pr\u00f3ximos conciertos Ricardo Tirado &#8211; Online Click en la imagen para m\u00e1s informaci\u00f3n 06 Aug Valencia Ana Mena &#8211; Arenal Sound Festival 25 Ago C\u00e1diz Ana Mena &#8211; Bah\u00eda Sound 02 Sep M\u00e1laga Ana Mena &#8211; Plaza de Toros La Malagueta 09 Sep Madrid Ana Mena &#8211; Wizink Center&hellip;","_links":{"self":[{"href":"https:\/\/richibass.com\/en\/wp-json\/wp\/v2\/pages\/778","targetHints":{"allow":["GET"]}}],"collection":[{"href":"https:\/\/richibass.com\/en\/wp-json\/wp\/v2\/pages"}],"about":[{"href":"https:\/\/richibass.com\/en\/wp-json\/wp\/v2\/types\/page"}],"author":[{"embeddable":true,"href":"https:\/\/richibass.com\/en\/wp-json\/wp\/v2\/users\/1"}],"replies":[{"embeddable":true,"href":"https:\/\/richibass.com\/en\/wp-json\/wp\/v2\/comments?post=778"}],"version-history":[{"count":4,"href":"https:\/\/richibass.com\/en\/wp-json\/wp\/v2\/pages\/778\/revisions"}],"predecessor-version":[{"id":1886,"href":"https:\/\/richibass.com\/en\/wp-json\/wp\/v2\/pages\/778\/revisions\/1886"}],"wp:attachment":[{"href":"https:\/\/richibass.com\/en\/wp-json\/wp\/v2\/media?parent=778"}],"curies":[{"name":"wp","href":"https:\/\/api.w.org\/{rel}","templated":true}]}}