{"id":772,"date":"2022-02-24T09:51:57","date_gmt":"2022-02-24T09:51:57","guid":{"rendered":"https:\/\/richibass.com\/index.php\/home\/"},"modified":"2025-12-22T00:58:49","modified_gmt":"2025-12-22T00:58:49","slug":"home","status":"publish","type":"page","link":"https:\/\/richibass.com\/en\/","title":{"rendered":"Ricardo Tirado"},"content":{"rendered":"<div class=\"wp-block-uagb-container uagb-block-702bf2e1 alignfull uagb-is-root-container\"><div class=\"uagb-container-inner-blocks-wrap\">\n<div class=\"wp-block-columns is-layout-flex wp-container-core-columns-is-layout-28f84493 wp-block-columns-is-layout-flex\">\n<div class=\"wp-block-column is-layout-constrained wp-container-core-column-is-layout-c1774296 wp-block-column-is-layout-constrained\" style=\"padding-top:var(--wp--preset--spacing--70);padding-bottom:var(--wp--preset--spacing--70);flex-basis:100%\">\n<div class=\"wp-block-uagb-container uagb-layout-flex uagb-block-7dc54929\">\n<div class=\"wp-block-uagb-advanced-heading uagb-block-859514cb\"><p class=\"uagb-heading-text\">ARTISTAS     <mark style=\"background-color:rgba(0, 0, 0, 0)\" class=\"has-inline-color has-ast-global-color-5-color\">ESTUDIANTES     <\/mark>PRODUCTORES<\/p><\/div>\n\n\n\n<p class=\"has-text-align-right has-ast-global-color-8-color has-text-color has-link-color has-large-font-size wp-elements-330cd23be0e875de55ece398c09429e3\">Ricardo Tirado<\/p>\n\n\n\n<h1 class=\"wp-block-heading has-text-align-right has-ast-global-color-5-color has-text-color has-link-color wp-elements-316a59513712b856b46700269347fc22\">Bajista en Madrid<\/h1>\n\n\n\n<h2 class=\"wp-block-heading has-text-align-right has-ast-global-color-5-color has-text-color has-link-color has-medium-font-size wp-elements-2baeba1b57638b314c5d553ad2e20ee7\" style=\"line-height:1.6\">Bajista para eventos, giras y sesions de estudio.<br>Clases Privadas de bajo el\u00e9ctrico<br>producci\u00f3n musical<\/h2>\n<\/div>\n<\/div>\n<\/div>\n<\/div><\/div>\n\n\n\n<div class=\"wp-block-uagb-container uagb-block-ec4db9c3 alignfull uagb-is-root-container\"><div class=\"uagb-container-inner-blocks-wrap\">\n<div class=\"wp-block-uagb-container uagb-block-76776de0\">\n<div class=\"wp-block-uagb-advanced-heading uagb-block-9d0e90c1\"><h2 class=\"uagb-heading-text\">Bass player  Session musician  Instructor<\/h2><p class=\"uagb-desc-text\">A good musician... \"must be humble, respectful, punctual, a good fellow\"<\/p><\/div>\n\n\n\n<div class=\"wp-block-uagb-advanced-heading uagb-block-26757a46\"><p class=\"uagb-heading-text\">Ricardo Tirado, mundomusicos.com<\/p><\/div>\n<\/div>\n\n\n\n<div class=\"wp-block-uagb-container uagb-block-423ad3d4\">\n<div class=\"wp-block-uagb-advanced-heading uagb-block-c623aa17\"><h3 class=\"uagb-heading-text\">Aprender bajo desde cero <mark style=\"background-color:rgba(0, 0, 0, 0)\" class=\"has-inline-color has-ast-global-color-5-color\">o perfeccionarte<\/mark><\/h3><\/div>\n<\/div>\n<\/div><\/div>\n\n\n\n<div class=\"wp-block-uagb-container uagb-block-be87e12f alignfull uagb-is-root-container\">\n<div class=\"wp-block-uagb-container uagb-block-94b1068a\">\n<div class=\"wp-block-uagb-image aligncenter uagb-block-03a156f7 wp-block-uagb-image--layout-default wp-block-uagb-image--effect-static wp-block-uagb-image--align-center\"><figure class=\"wp-block-uagb-image__figure\"><img decoding=\"async\" srcset=\"https:\/\/richibass.com\/wp-content\/uploads\/2023\/08\/Ricardo-Tirado-bajista-profesional-1024x683.jpg \" sizes=\"auto, (max-width: 480px) 150px\" src=\"https:\/\/richibass.com\/wp-content\/uploads\/2023\/08\/Ricardo-Tirado-bajista-profesional-1024x683.jpg\" alt=\"Ricardo Tirado bajista profesional\" class=\"uag-image-1851\" width=\"1024\" height=\"576\" title=\"\" loading=\"lazy\" role=\"img\"\/><\/figure><\/div>\n<\/div>\n\n\n\n<div class=\"wp-block-uagb-container uagb-block-54b57458\">\n<div class=\"wp-block-uagb-advanced-heading uagb-block-a82f11f4\"><h5 class=\"uagb-heading-text\">About me<\/h5><p class=\"uagb-desc-text\">I started as a guitarist in 1985, then switched to the electric bass, with which I started my professional journey in 1989. <br><br>I\u00b4ve played with different bands and artists in Venezuela, Italy, Spain and other European countries. I\u00b4ve also played in the most important venues in Spain, as well as on tours in several European countries, playing from Jazz, Latin to Rock, Funk, etc.<br><br>I currently record in my own studio and participate in several very interesting musical projects.<\/p><\/div>\n<\/div>\n<\/div>\n\n\n\n<div class=\"wp-block-uagb-container uagb-block-0d46d914 alignfull uagb-is-root-container\">\n<div class=\"wp-block-uagb-container uagb-block-277e1071\">\n<div class=\"wp-block-uagb-advanced-heading uagb-block-d414cf91\"><h5 class=\"uagb-heading-text\">Live &amp; Studio<\/h5><p class=\"uagb-desc-text\">I offer extensive experience as a session musician, recording albums and for TV shows, commercials or private projects.<br><br>I have excelent electric and acoustic basses, with the necessary equipment for a top quality recording.<\/p><\/div>\n<\/div>\n\n\n\n<div class=\"wp-block-uagb-container uagb-block-12e04f21\">\n<div class=\"wp-block-uagb-image uagb-block-1a34f778 wp-block-uagb-image--layout-default wp-block-uagb-image--effect-static wp-block-uagb-image--align-none\"><figure class=\"wp-block-uagb-image__figure\"><img decoding=\"async\" srcset=\"https:\/\/richibass.com\/wp-content\/uploads\/2023\/08\/Ricardo-Tirado-bajista-1.jpeg \" sizes=\"auto, (max-width: 480px) 150px\" src=\"https:\/\/richibass.com\/wp-content\/uploads\/2023\/08\/Ricardo-Tirado-bajista-1.jpeg\" alt=\"Ricardo Tirado bajista\" class=\"uag-image-1790\" width=\"509\" height=\"474\" title=\"\" loading=\"lazy\" role=\"img\"\/><\/figure><\/div>\n<\/div>\n<\/div>\n\n\n\n<div class=\"wp-block-uagb-container uagb-block-f1e12471 alignfull uagb-is-root-container\"><div class=\"uagb-container-inner-blocks-wrap\">\n<div class=\"wp-block-uagb-advanced-heading uagb-block-6724160f\"><h5 class=\"uagb-heading-text\">Professional Tools<\/h5><p class=\"uagb-desc-text\">Electric bass, acoustic bass, recording equipment, online class platforms.<\/p><\/div>\n<\/div><\/div>\n\n\n\n<div class=\"wp-block-uagb-container uagb-block-1b48c43d alignfull uagb-is-root-container\">\n<div class=\"wp-block-uagb-container uagb-block-ec1e6b7f\">\n<div class=\"wp-block-uagb-advanced-heading uagb-block-4519ee28\"><h3 class=\"uagb-heading-text\">Live<br>Shows<\/h3><\/div>\n<\/div>\n\n\n\n<div class=\"wp-block-uagb-container uagb-block-4de8d0e8\">\n<div class=\"wp-block-uagb-advanced-heading uagb-block-85a91d48\"><h3 class=\"uagb-heading-text\">Studio<br>Sessions<\/h3><\/div>\n<\/div>\n<\/div>\n\n\n\n<div class=\"wp-block-uagb-container uagb-block-87356889 alignfull uagb-is-root-container\">\n<div class=\"wp-block-uagb-container uagb-block-55cea505\">\n<div class=\"wp-block-uagb-advanced-heading uagb-block-a1416b14\"><h3 class=\"uagb-heading-text\">Online<br>Lessons<\/h3><\/div>\n<\/div>\n\n\n\n<div class=\"wp-block-uagb-container uagb-block-d32d90b3\">\n<div class=\"wp-block-uagb-advanced-heading uagb-block-d78f3c53\"><h3 class=\"uagb-heading-text\">Music<br>Projects<\/h3><\/div>\n<\/div>\n<\/div>\n\n\n\n<div class=\"wp-block-uagb-container uagb-block-53d1ba61 default uagb-is-root-container\">\n<div class=\"wp-block-uagb-advanced-heading uagb-block-f9dc1002\"><h5 class=\"uagb-heading-text\">Bass lessons<\/h5><p class=\"uagb-desc-text\">Private online or in-person classes depending on location and availability<\/p><\/div>\n<\/div>\n\n\n\n<div class=\"wp-block-uagb-container uagb-block-b00ab0e3 alignfull uagb-is-root-container\">\n<div class=\"wp-block-uagb-container uagb-block-a57ca0c6\">\n<div class=\"wp-block-uagb-image alignleft uagb-block-f4c42e7d wp-block-uagb-image--layout-default wp-block-uagb-image--effect-static wp-block-uagb-image--align-left\"><figure class=\"wp-block-uagb-image__figure\"><img decoding=\"async\" srcset=\"https:\/\/richibass.com\/wp-content\/uploads\/2021\/06\/guitar-lessons.jpg \" sizes=\"auto, (max-width: 480px) 150px\" src=\"https:\/\/richibass.com\/wp-content\/uploads\/2021\/06\/guitar-lessons.jpg\" alt=\"\" class=\"uag-image-162\" width=\"562\" height=\"375\" title=\"\" loading=\"lazy\" role=\"img\"\/><\/figure><\/div>\n<\/div>\n\n\n\n<div class=\"wp-block-uagb-container uagb-block-742eab82\">\n<div class=\"wp-block-uagb-advanced-heading uagb-block-bca0bf12\"><h5 class=\"uagb-heading-text\">Tab, Technics &amp; Tips<\/h5><p class=\"uagb-desc-text\">A preview of your next bass lessons<\/p><\/div>\n\n\n\n<p class=\"has-ast-global-color-5-color has-text-color\">I offer you an taylor-made learning method. We will go step by step in building your knowledge. And will work on, among other things, songs that you like, in order to create a repertoire, where we will analyze:<br>- Technic<br>\u2013 Theory and modern harmony applied to the instrument.<br>\u2013 Creation of bass lines.<br>- Arrangements.<br>\u2013 Analysis and development of different musical styles (Rock, Pop, Jazz, Latin, etc.).<\/p>\n\n\n\n<p class=\"has-ast-global-color-5-color has-text-color\">In other words, it is a method adaptable to your musical expectations, with a variety of books for you.<\/p>\n\n\n\n<div class=\"wp-block-uagb-buttons uagb-buttons__outer-wrap uagb-btn__default-btn uagb-btn-tablet__default-btn uagb-btn-mobile__default-btn uagb-block-225022eb\"><div class=\"uagb-buttons__wrap uagb-buttons-layout-wrap\">\n<div class=\"wp-block-uagb-buttons-child uagb-buttons__outer-wrap uagb-block-88eae3c1 wp-block-button\"><div class=\"uagb-button__wrapper\"><a class=\"uagb-buttons-repeater wp-block-button__link\" aria-label=\"\" href=\"https:\/\/richibass.com\/contacto\/\" rel=\"nofollow noopener\" target=\"_blank\" role=\"button\"><div class=\"uagb-button__link\">CONTACT<\/div><\/a><\/div><\/div>\n<\/div><\/div>\n<\/div>\n<\/div>\n\n\n\n<div class=\"wp-block-uagb-container uagb-block-a540382d alignfull uagb-is-root-container\"><div class=\"uagb-container-inner-blocks-wrap\">\n<div class=\"wp-block-uagb-advanced-heading uagb-block-2b747364\"><h4 class=\"uagb-heading-text\">Next shows<\/h4><p class=\"uagb-desc-text\">Come to see me and enjoy good music at any of these events<\/p><\/div>\n\n\n\n<div class=\"wp-block-uagb-container uagb-block-2f4facf5\">\n<div class=\"wp-block-uagb-container uagb-block-7e23ebd3\">\n<div class=\"wp-block-uagb-advanced-heading uagb-block-d59c1b10\"><h5 class=\"uagb-heading-text\">22 Jun<\/h5><\/div>\n<\/div>\n\n\n\n<div class=\"wp-block-uagb-container uagb-block-a13b9600\">\n<div class=\"wp-block-uagb-advanced-heading uagb-block-b2a27bd8\"><h6 class=\"uagb-heading-text\">Sevilla<\/h6><\/div>\n<\/div>\n\n\n\n<div class=\"wp-block-uagb-container uagb-block-e4fcb082\">\n<div class=\"wp-block-uagb-advanced-heading uagb-block-2176ac1f\"><h6 class=\"uagb-heading-text\">Ana Mena &#8211; Ic\u00f3nica Sevilla BigSound<\/h6><\/div>\n<\/div>\n\n\n\n<div class=\"wp-block-uagb-container uagb-block-073e2e11\">\n<div class=\"wp-block-uagb-buttons uagb-buttons__outer-wrap uagb-btn__default-btn uagb-btn-tablet__default-btn uagb-btn-mobile__default-btn uagb-block-2c68e4f9\"><div class=\"uagb-buttons__wrap uagb-buttons-layout-wrap\">\n<div class=\"wp-block-uagb-buttons-child uagb-buttons__outer-wrap uagb-block-0a817669 wp-block-button\"><div class=\"uagb-button__wrapper\"><a class=\"uagb-buttons-repeater wp-block-button__link\" aria-label=\"\" href=\"https:\/\/iconicafest.com\/entradas\/\" rel=\"nofollow noopener\" target=\"_blank\" role=\"button\"><div class=\"uagb-button__link\">TICKETS<\/div><\/a><\/div><\/div>\n<\/div><\/div>\n<\/div>\n<\/div>\n\n\n\n<div class=\"wp-block-uagb-container uagb-block-ad55733a\">\n<div class=\"wp-block-uagb-container uagb-block-06cd919f\">\n<div class=\"wp-block-uagb-advanced-heading uagb-block-47dd2b64\"><h5 class=\"uagb-heading-text\">29 Jun<\/h5><\/div>\n<\/div>\n\n\n\n<div class=\"wp-block-uagb-container uagb-block-424294e4\">\n<div class=\"wp-block-uagb-advanced-heading uagb-block-3a9e17e3\"><h6 class=\"uagb-heading-text\">Valencia<\/h6><\/div>\n<\/div>\n\n\n\n<div class=\"wp-block-uagb-container uagb-block-53f99688\">\n<div class=\"wp-block-uagb-advanced-heading uagb-block-4dde3fb9\"><h6 class=\"uagb-heading-text\">Ana Mena &#8211; Big Sound Festival<\/h6><\/div>\n<\/div>\n\n\n\n<div class=\"wp-block-uagb-container uagb-block-9389cab5\">\n<div class=\"wp-block-uagb-buttons uagb-buttons__outer-wrap uagb-btn__default-btn uagb-btn-tablet__default-btn uagb-btn-mobile__default-btn uagb-block-735eb871\"><div class=\"uagb-buttons__wrap uagb-buttons-layout-wrap\">\n<div class=\"wp-block-uagb-buttons-child uagb-buttons__outer-wrap uagb-block-97402e37 wp-block-button\"><div class=\"uagb-button__wrapper\"><a class=\"uagb-buttons-repeater wp-block-button__link\" aria-label=\"\" href=\"https:\/\/bigsoundfestival.com\/pages\/abonos\" rel=\"nofollow noopener\" target=\"_blank\" role=\"button\"><div class=\"uagb-button__link\">TICKETS<\/div><\/a><\/div><\/div>\n<\/div><\/div>\n<\/div>\n<\/div>\n\n\n\n<div class=\"wp-block-uagb-container uagb-block-62b98d21\">\n<div class=\"wp-block-uagb-container uagb-block-24d67ae0\">\n<div class=\"wp-block-uagb-advanced-heading uagb-block-44925ccd\"><h5 class=\"uagb-heading-text\">26 Ago<\/h5><\/div>\n<\/div>\n\n\n\n<div class=\"wp-block-uagb-container uagb-block-75d0dc55\">\n<div class=\"wp-block-uagb-advanced-heading uagb-block-ca877275\"><h6 class=\"uagb-heading-text\">Madrid<\/h6><\/div>\n<\/div>\n\n\n\n<div class=\"wp-block-uagb-container uagb-block-10665707\">\n<div class=\"wp-block-uagb-advanced-heading uagb-block-8cc6aa68\"><h6 class=\"uagb-heading-text\">Street Wings &#8211; Fiestas de Verano Collado Mediano<\/h6><\/div>\n<\/div>\n\n\n\n<div class=\"wp-block-uagb-container uagb-block-ab386983\">\n<div class=\"wp-block-uagb-buttons uagb-buttons__outer-wrap uagb-btn__default-btn uagb-btn-tablet__default-btn uagb-btn-mobile__default-btn uagb-block-224d847c\"><div class=\"uagb-buttons__wrap uagb-buttons-layout-wrap\">\n<div class=\"wp-block-uagb-buttons-child uagb-buttons__outer-wrap uagb-block-b0e76ef1 wp-block-button\"><div class=\"uagb-button__wrapper\"><a class=\"uagb-buttons-repeater wp-block-button__link\" aria-label=\"\" href=\"https:\/\/www.aytocolladomediano.es\/tu-ciudad\/tradiciones-y-fiestas\/fiestas-de-verano\" rel=\"nofollow noopener\" target=\"_blank\" role=\"button\"><div class=\"uagb-button__link\">TICKETS<\/div><\/a><\/div><\/div>\n<\/div><\/div>\n<\/div>\n<\/div>\n\n\n\n<div class=\"wp-block-uagb-container uagb-block-8573a8b9\">\n<div class=\"wp-block-uagb-container uagb-block-df9fe5bf\">\n<div class=\"wp-block-uagb-advanced-heading uagb-block-044dad4b\"><h5 class=\"uagb-heading-text\">22 Dic<\/h5><\/div>\n<\/div>\n\n\n\n<div class=\"wp-block-uagb-container uagb-block-2299e57f\">\n<div class=\"wp-block-uagb-advanced-heading uagb-block-ad92e2cb\"><h6 class=\"uagb-heading-text\">Madrid<\/h6><\/div>\n<\/div>\n\n\n\n<div class=\"wp-block-uagb-container uagb-block-a08080d3\">\n<div class=\"wp-block-uagb-advanced-heading uagb-block-0971a4c9\"><h6 class=\"uagb-heading-text\">Ana Mena &#8211; Wizink Center<\/h6><\/div>\n<\/div>\n\n\n\n<div class=\"wp-block-uagb-container uagb-block-ab1d7b38\">\n<div class=\"wp-block-uagb-buttons uagb-buttons__outer-wrap uagb-btn__default-btn uagb-btn-tablet__default-btn uagb-btn-mobile__default-btn uagb-block-d7c58815\"><div class=\"uagb-buttons__wrap uagb-buttons-layout-wrap\">\n<div class=\"wp-block-uagb-buttons-child uagb-buttons__outer-wrap uagb-block-c6074042 wp-block-button\"><div class=\"uagb-button__wrapper\"><a class=\"uagb-buttons-repeater wp-block-button__link\" aria-label=\"\" href=\"https:\/\/checkoutentradas.elcorteingles.es\/open?t=eyJhbGciOiJIUzI1NiIsInR5cCI6IkpXVCJ9.eyJzb3VyY2VJUCI6IjE3NC45My4yMzIuMTk3Iiwib3JnYW5pemF0aW9uSWQiOiJiZXRpeCIsImlhdCI6MTcxODU1OTA2MCwiZXhwIjoxNzE4NTYwODYwLCJhdWQiOiJlY2ltYXJjYTIwMjIifQ.1yfjHi1u52it_MalI6to5hn6YQxk9UmiHjq3hWb-R8k#\/checkout\/product\/00-00088yI\/event\/00-00088xH\/show\/00-0002BNZ\" rel=\"nofollow noopener\" target=\"_blank\" role=\"button\"><div class=\"uagb-button__link\">TICKETS<\/div><\/a><\/div><\/div>\n<\/div><\/div>\n<\/div>\n<\/div>\n<\/div><\/div>\n\n\n\n<div class=\"wp-block-media-text is-stacked-on-mobile is-vertically-aligned-center\" style=\"margin-top:0px;margin-bottom:0px;padding-top:var(--wp--preset--spacing--30);padding-bottom:var(--wp--preset--spacing--30);grid-template-columns:38% auto\"><figure class=\"wp-block-media-text__media\"><img loading=\"lazy\" decoding=\"async\" width=\"900\" height=\"675\" src=\"https:\/\/richibass.com\/wp-content\/uploads\/2023\/08\/Ricardo-Tirado-bajista-edited.png\" alt=\"Ricardo Tirado bajista\" class=\"wp-image-1840 size-full\" srcset=\"https:\/\/richibass.com\/wp-content\/uploads\/2023\/08\/Ricardo-Tirado-bajista-edited.png 900w, https:\/\/richibass.com\/wp-content\/uploads\/2023\/08\/Ricardo-Tirado-bajista-edited-300x225.png 300w, https:\/\/richibass.com\/wp-content\/uploads\/2023\/08\/Ricardo-Tirado-bajista-edited-768x576.png 768w\" sizes=\"auto, (max-width: 900px) 100vw, 900px\" \/><\/figure><div class=\"wp-block-media-text__content\">\n<div class=\"wp-block-uagb-container uagb-block-bab11916 alignwide uagb-is-root-container\">\n<div class=\"wp-block-uagb-advanced-heading uagb-block-50b6654c\"><h4 class=\"uagb-heading-text\">Contact for studio sessions, shows or private lessons<\/h4><p class=\"uagb-desc-text\">D\u00e9jame tu correo y te responder\u00e9 en menos de 24 horas&#8230;<\/p><\/div>\n\n\n<div class=\"wpforms-container wpforms-block wpforms-block-3356e4bd-f056-4930-94fe-f25d035c0984 inline-fields\" id=\"wpforms-5\"><form id=\"wpforms-form-5\" class=\"wpforms-validate wpforms-form\" data-formid=\"5\" method=\"post\" enctype=\"multipart\/form-data\" action=\"\/en\/wp-json\/wp\/v2\/pages\/772\" data-token=\"b12c2c483df9f47a511eb3a2d96bf94a\" data-token-time=\"1776345602\" data-trp-original-action=\"\/en\/wp-json\/wp\/v2\/pages\/772\"><noscript class=\"wpforms-error-noscript\">Please enable JavaScript in your browser to complete this form.<\/noscript><div class=\"wpforms-field-container\"><div id=\"wpforms-5-field_1-container\" class=\"wpforms-field wpforms-field-email\" data-field-id=\"1\"><label class=\"wpforms-field-label wpforms-label-hide\" for=\"wpforms-5-field_1\">Your email <span class=\"wpforms-required-label\">*<\/span><\/label><input type=\"email\" id=\"wpforms-5-field_1\" class=\"wpforms-field-medium wpforms-field-required\" name=\"wpforms[fields][1]\" spellcheck=\"false\" required><\/div><\/div><!-- .wpforms-field-container --><div class=\"wpforms-submit-container\" ><input type=\"hidden\" name=\"wpforms[id]\" value=\"5\"><input type=\"hidden\" name=\"page_title\" value=\"\"><input type=\"hidden\" name=\"page_url\" value=\"https:\/\/richibass.com\/en\/wp-json\/wp\/v2\/pages\/772\"><input type=\"hidden\" name=\"url_referer\" value=\"\"><button type=\"submit\" name=\"wpforms[submit]\" id=\"wpforms-submit-5\" class=\"wpforms-submit\" data-alt-text=\"Enviando...\" data-submit-text=\"Suscr\u00edbete\" aria-live=\"assertive\" value=\"wpforms-submit\">Subscribe<\/button><\/div><input type=\"hidden\" name=\"trp-form-language\" value=\"en\"\/><\/form><\/div>  <!-- .wpforms-container --><\/div>\n<\/div><\/div>","protected":false},"excerpt":{"rendered":"<p>ARTISTAS ESTUDIANTES PRODUCTORES Ricardo Tirado Bajista en Madrid Bajista para eventos, giras y sesions de estudio.Clases Privadas de bajo el\u00e9ctricoproducci\u00f3n musical Bajista M\u00fasico de sesi\u00f3n Docente Un buen m\u00fasico&#8230; \u00abdebe ser humilde, respetuoso, puntual, compa\u00f1ero.\u201d Ricardo Tirado, mundomusicos.com Aprender bajo desde cero o perfeccionarte Sobre m\u00ed Comienzo como guitarrista en 1985 para luego cambiarme al [&hellip;]<\/p>","protected":false},"author":1,"featured_media":1788,"parent":0,"menu_order":0,"comment_status":"closed","ping_status":"closed","template":"","meta":{"_uag_custom_page_level_css":"","site-sidebar-layout":"no-sidebar","site-content-layout":"plain-container","ast-site-content-layout":"normal-width-container","site-content-style":"unboxed","site-sidebar-style":"unboxed","ast-global-header-display":"","ast-banner-title-visibility":"","ast-main-header-display":"","ast-hfb-above-header-display":"","ast-hfb-below-header-display":"","ast-hfb-mobile-header-display":"","site-post-title":"disabled","ast-breadcrumbs-content":"","ast-featured-img":"disabled","footer-sml-layout":"","ast-disable-related-posts":"","theme-transparent-header-meta":"enabled","adv-header-id-meta":"","stick-header-meta":"","header-above-stick-meta":"","header-main-stick-meta":"","header-below-stick-meta":"","astra-migrate-meta-layouts":"set","ast-page-background-enabled":"default","ast-page-background-meta":{"desktop":{"background-color":"","background-image":"","background-repeat":"repeat","background-position":"center center","background-size":"auto","background-attachment":"scroll","background-type":"","background-media":"","overlay-type":"","overlay-color":"","overlay-opacity":"","overlay-gradient":""},"tablet":{"background-color":"","background-image":"","background-repeat":"repeat","background-position":"center center","background-size":"auto","background-attachment":"scroll","background-type":"","background-media":"","overlay-type":"","overlay-color":"","overlay-opacity":"","overlay-gradient":""},"mobile":{"background-color":"","background-image":"","background-repeat":"repeat","background-position":"center center","background-size":"auto","background-attachment":"scroll","background-type":"","background-media":"","overlay-type":"","overlay-color":"","overlay-opacity":"","overlay-gradient":""}},"ast-content-background-meta":{"desktop":{"background-color":"var(--ast-global-color-5)","background-image":"","background-repeat":"repeat","background-position":"center center","background-size":"auto","background-attachment":"scroll","background-type":"","background-media":"","overlay-type":"","overlay-color":"","overlay-opacity":"","overlay-gradient":""},"tablet":{"background-color":"var(--ast-global-color-5)","background-image":"","background-repeat":"repeat","background-position":"center center","background-size":"auto","background-attachment":"scroll","background-type":"","background-media":"","overlay-type":"","overlay-color":"","overlay-opacity":"","overlay-gradient":""},"mobile":{"background-color":"var(--ast-global-color-5)","background-image":"","background-repeat":"repeat","background-position":"center center","background-size":"auto","background-attachment":"scroll","background-type":"","background-media":"","overlay-type":"","overlay-color":"","overlay-opacity":"","overlay-gradient":""}},"footnotes":""},"class_list":["post-772","page","type-page","status-publish","has-post-thumbnail","hentry"],"uagb_featured_image_src":{"full":["https:\/\/richibass.com\/wp-content\/uploads\/2023\/08\/Ricardo-Tirado-bajista.png",1200,675,false],"thumbnail":["https:\/\/richibass.com\/wp-content\/uploads\/2023\/08\/Ricardo-Tirado-bajista-150x150.png",150,150,true],"medium":["https:\/\/richibass.com\/wp-content\/uploads\/2023\/08\/Ricardo-Tirado-bajista-300x169.png",300,169,true],"medium_large":["https:\/\/richibass.com\/wp-content\/uploads\/2023\/08\/Ricardo-Tirado-bajista-768x432.png",768,432,true],"large":["https:\/\/richibass.com\/wp-content\/uploads\/2023\/08\/Ricardo-Tirado-bajista-1024x576.png",1024,576,true],"1536x1536":["https:\/\/richibass.com\/wp-content\/uploads\/2023\/08\/Ricardo-Tirado-bajista.png",1200,675,false],"2048x2048":["https:\/\/richibass.com\/wp-content\/uploads\/2023\/08\/Ricardo-Tirado-bajista.png",1200,675,false],"trp-custom-language-flag":["https:\/\/richibass.com\/wp-content\/uploads\/2023\/08\/Ricardo-Tirado-bajista.png",18,10,false]},"uagb_author_info":{"display_name":"richibass","author_link":"https:\/\/richibass.com\/en\/author\/richibass\/"},"uagb_comment_info":0,"uagb_excerpt":"ARTISTAS ESTUDIANTES PRODUCTORES Ricardo Tirado Bajista en Madrid Bajista para eventos, giras y sesions de estudio.Clases Privadas de bajo el\u00e9ctricoproducci\u00f3n musical Bajista M\u00fasico de sesi\u00f3n Docente Un buen m\u00fasico&#8230; \u00abdebe ser humilde, respetuoso, puntual, compa\u00f1ero.\u201d Ricardo Tirado, mundomusicos.com Aprender bajo desde cero o perfeccionarte Sobre m\u00ed Comienzo como guitarrista en 1985 para luego cambiarme al&hellip;","_links":{"self":[{"href":"https:\/\/richibass.com\/en\/wp-json\/wp\/v2\/pages\/772","targetHints":{"allow":["GET"]}}],"collection":[{"href":"https:\/\/richibass.com\/en\/wp-json\/wp\/v2\/pages"}],"about":[{"href":"https:\/\/richibass.com\/en\/wp-json\/wp\/v2\/types\/page"}],"author":[{"embeddable":true,"href":"https:\/\/richibass.com\/en\/wp-json\/wp\/v2\/users\/1"}],"replies":[{"embeddable":true,"href":"https:\/\/richibass.com\/en\/wp-json\/wp\/v2\/comments?post=772"}],"version-history":[{"count":55,"href":"https:\/\/richibass.com\/en\/wp-json\/wp\/v2\/pages\/772\/revisions"}],"predecessor-version":[{"id":2010,"href":"https:\/\/richibass.com\/en\/wp-json\/wp\/v2\/pages\/772\/revisions\/2010"}],"wp:featuredmedia":[{"embeddable":true,"href":"https:\/\/richibass.com\/en\/wp-json\/wp\/v2\/media\/1788"}],"wp:attachment":[{"href":"https:\/\/richibass.com\/en\/wp-json\/wp\/v2\/media?parent=772"}],"curies":[{"name":"wp","href":"https:\/\/api.w.org\/{rel}","templated":true}]}}