{"id":3,"date":"2023-07-28T10:34:57","date_gmt":"2023-07-28T10:34:57","guid":{"rendered":"https:\/\/richibass.com\/?page_id=3"},"modified":"2023-08-04T06:52:09","modified_gmt":"2023-08-04T06:52:09","slug":"politica-privacidad","status":"publish","type":"page","link":"https:\/\/richibass.com\/en\/politica-privacidad\/","title":{"rendered":"Pol\u00edtica de privacidad"},"content":{"rendered":"<h2 class=\"wp-block-heading\">Qui\u00e9n soy<\/h2>\n\n\n\n<p>Soy Ricardo Tirado, y la direcci\u00f3n oficial registrada de mi web es: https:\/\/richibass.com.<\/p>\n\n\n\n<h2 class=\"wp-block-heading\">Comentarios<\/h2>\n\n\n\n<p>Cuando los visitantes dejan comentarios en la web, recopilamos los datos que se muestran en el formulario de comentarios, as\u00ed como la direcci\u00f3n IP del visitante y la cadena de agentes de usuario del navegador para ayudar a la detecci\u00f3n de spam.<\/p>\n\n\n\n<p>Una cadena an\u00f3nima creada a partir de tu direcci\u00f3n de correo electr\u00f3nico (tambi\u00e9n llamada hash) puede ser proporcionada al servicio de Gravatar para ver si la est\u00e1s usando. La pol\u00edtica de privacidad del servicio Gravatar est\u00e1 disponible aqu\u00ed: https:\/\/automattic.com\/privacy\/. Despu\u00e9s de la aprobaci\u00f3n de tu comentario, la imagen de tu perfil es visible para el p\u00fablico en el contexto de tu comentario.<\/p>\n\n\n\n<h2 class=\"wp-block-heading\">Medios<\/h2>\n\n\n\n<p>Si subes im\u00e1genes a la web, deber\u00edas evitar subir im\u00e1genes con datos de ubicaci\u00f3n (GPS EXIF) incluidos. Los visitantes de la web pueden descargar y extraer cualquier dato de ubicaci\u00f3n de las im\u00e1genes de la web.<\/p>\n\n\n\n<h2 class=\"wp-block-heading\">Cookies<\/h2>\n\n\n\n<p>Si dejas un comentario en nuestro sitio puedes elegir guardar tu nombre, direcci\u00f3n de correo electr\u00f3nico y web en cookies. Esto es para tu comodidad, para que no tengas que volver a rellenar tus datos cuando dejes otro comentario. Estas cookies tendr\u00e1n una duraci\u00f3n de un a\u00f1o.<\/p>\n\n\n\n<p>Si tienes una cuenta y te conectas a este sitio, instalaremos una cookie temporal para determinar si tu navegador acepta cookies. Esta cookie no contiene datos personales y se elimina al cerrar el navegador.<\/p>\n\n\n\n<p>Cuando accedas, tambi\u00e9n instalaremos varias cookies para guardar tu informaci\u00f3n de acceso y tus opciones de visualizaci\u00f3n de pantalla. Las cookies de acceso duran dos d\u00edas, y las cookies de opciones de pantalla duran un a\u00f1o. Si seleccionas \u00abRecu\u00e9rdarme\u00bb, tu acceso perdurar\u00e1 durante dos semanas. Si sales de tu cuenta, las cookies de acceso se eliminar\u00e1n.<\/p>\n\n\n\n<p>Si editas o publicas un art\u00edculo se guardar\u00e1 una cookie adicional en tu navegador. Esta cookie no incluye datos personales y simplemente indica el ID del art\u00edculo que acabas de editar. Caduca despu\u00e9s de 1 d\u00eda.<\/p>\n\n\n\n<h2 class=\"wp-block-heading\">Contenido incrustado de otros sitios web<\/h2>\n\n\n\n<p>Los art\u00edculos de este sitio pueden incluir contenido incrustado (por ejemplo, v\u00eddeos, im\u00e1genes, art\u00edculos, etc.). El contenido incrustado de otras webs se comporta exactamente de la misma manera que si el visitante hubiera visitado la otra web.<\/p>\n\n\n\n<p>Estas web pueden recopilar datos sobre ti, utilizar cookies, incrustar un seguimiento adicional de terceros, y supervisar tu interacci\u00f3n con ese contenido incrustado, incluido el seguimiento de tu interacci\u00f3n con el contenido incrustado si tienes una cuenta y est\u00e1s conectado a esa web.<\/p>\n\n\n\n<h2 class=\"wp-block-heading\">Con qui\u00e9n compartimos tus datos<\/h2>\n\n\n\n<p>Si solicitas un restablecimiento de contrase\u00f1a, tu direcci\u00f3n IP ser\u00e1 incluida en el correo electr\u00f3nico de restablecimiento.<\/p>\n\n\n\n<p><strong>Datos personales que recabamos y como lo hacemos<\/strong><\/p>\n\n\n\n<p>Compromisos y obligaciones<\/p>\n\n\n\n<p>El usuario queda informado, y acepta, que el acceso a richibass.com no supone, en modo alguno, el inicio de una relaci\u00f3n comercial con Ricardo Tirado. De esta forma, el usuario se compromete a utilizar richibass.com, sus servicios y contenidos sin contravenir la legislaci\u00f3n vigente, la buena fe y el orden p\u00fablico. Queda prohibido el uso de richibass.com, con \ufb01nes il\u00edcitos o lesivos, o que, de cualquier forma, puedan causar perjuicio o impedir el normal funcionamiento de la misma. Respecto de los contenidos, se proh\u00edbe:<\/p>\n\n\n\n<p>\u2013 Su reproducci\u00f3n, distribuci\u00f3n o modi\ufb01caci\u00f3n, total o parcial, a menos que se cuente con la autorizaci\u00f3n de sus leg\u00edtimos titulares.<\/p>\n\n\n\n<p>\u2013 Cualquier vulneraci\u00f3n de los derechos del prestador o de los leg\u00edtimos titulares.<\/p>\n\n\n\n<p>\u2013 Su utilizaci\u00f3n para \ufb01nes comerciales o publicitarios.<\/p>\n\n\n\n<p>En la utilizaci\u00f3n de richibass.com el usuario se compromete a no llevar a cabo ninguna conducta que pudiera da\u00f1ar la imagen, los intereses y los derechos de Ricardo Tirado o de terceros.<br>No obstante, el usuario debe ser consciente de que las medidas de seguridad de los sistemas inform\u00e1ticos en Internet no son enteramente \ufb01ables y que, por tanto richibass.com no puede garantizar la inexistencia de virus u otros elementos que puedan producir alteraciones en los sistemas inform\u00e1ticos del usuario o en sus documentos electr\u00f3nicos y \ufb01cheros contenidos en los mismos.<\/p>\n\n\n\n<h2 class=\"wp-block-heading\">Cu\u00e1nto tiempo conservamos tus datos<\/h2>\n\n\n\n<p>Si dejas un comentario, el comentario y sus metadatos se conservan indefinidamente. Esto es para que podamos reconocer y aprobar comentarios sucesivos autom\u00e1ticamente, en lugar de mantenerlos en una cola de moderaci\u00f3n.<\/p>\n\n\n\n<p>De los usuarios que se registran en nuestra web (si los hay), tambi\u00e9n almacenamos la informaci\u00f3n personal que proporcionan en su perfil de usuario. Todos los usuarios pueden ver, editar o eliminar su informaci\u00f3n personal en cualquier momento (excepto que no pueden cambiar su nombre de usuario). Los administradores de la web tambi\u00e9n pueden ver y editar esa informaci\u00f3n.<\/p>\n\n\n\n<h2 class=\"wp-block-heading\">Qu\u00e9 derechos tienes sobre tus datos<\/h2>\n\n\n\n<p>Si tienes una cuenta o has dejado comentarios en esta web, puedes solicitar recibir un archivo de exportaci\u00f3n de los datos personales que tenemos sobre ti, incluyendo cualquier dato que nos hayas proporcionado. <br><br>Tambi\u00e9n puedes solicitar que eliminemos cualquier dato personal que tengamos sobre ti. Esto no incluye ning\u00fan dato que estemos obligados a conservar con fines administrativos, legales o de seguridad.<\/p>\n\n\n\n<p>El hecho de que nos hayas cedido tus datos y nos hayas dado el consentimiento para tratarlos, no nos exime de respetar los derechos que puedes ejercer en cualquier momento, los cuales son:<\/p>\n\n\n\n<p>\u2013 Derechos a solicitar el acceso a tus datos de car\u00e1cter personal.<\/p>\n\n\n\n<p>\u2013 Derecho a solicitar la recti\ufb01caci\u00f3n o supresi\u00f3n.<\/p>\n\n\n\n<p>\u2013 Derecho a solicitar la limitaci\u00f3n del tratamiento.<\/p>\n\n\n\n<p>\u2013 Derecho a oponerse al tratamiento.<\/p>\n\n\n\n<p>\u2013 Para ejercer tus derechos, puedes ponerte en contacto con nosotros en:&nbsp;richibass@gmail.com<\/p>\n\n\n\n<p>Tambi\u00e9n te informamos, que si has dado tu consentimiento para alguna \ufb01nalidad espec\u00edfica, tienes derecho a retirarlo en cualquier momento, sin que ello afecte a la licitud del tratamiento basado en el consentimiento previo a su retirada.<br><br>Asimismo, te informamos de que puedes presentar una reclamaci\u00f3n ante la Agencia Espa\u00f1ola de Protecci\u00f3n de Datos, especialmente cuando no hayas obtenido satisfacci\u00f3n en el ejercicio de tus derechos.<\/p>\n\n\n\n<h2 class=\"wp-block-heading\">D\u00f3nde se env\u00edan tus datos<\/h2>\n\n\n\n<p>Los comentarios de los visitantes puede que los revise un servicio de detecci\u00f3n autom\u00e1tica de spam.<\/p>\n\n\n\n<p><strong>\u00bfCon qu\u00e9 \ufb01nalidad recogemos tus datos personales?<\/strong><\/p>\n\n\n\n<p>Recogemos y tratamos la informaci\u00f3n que nos facilitas con el \ufb01n de responder a las cuestiones que nos planteas a trav\u00e9s de nuestros formularios de contacto y de comentarios, y de hacerte llegar informaci\u00f3n que sea de tu inter\u00e9s a trav\u00e9s de nuestros canales de comunicaci\u00f3n. Dicha informaci\u00f3n la mantendremos almacenada mientras no solicites su supresi\u00f3n.<\/p>\n\n\n\n<p><strong>\u00bfCu\u00e1l es la legitimaci\u00f3n para el tratamiento de tus datos?<\/strong><\/p>\n\n\n\n<p>Las bases legales para el tratamiento de tus datos son las siguientes: \u2013 Ejecuci\u00f3n del contrato de suscripci\u00f3n para hacerte llegar informaci\u00f3n que sea de tu inter\u00e9s a trav\u00e9s de nuestros canales de comunicaci\u00f3n. \u2013 Obtenci\u00f3n de tu consentimiento para responder a las cuestiones que nos planteas a trav\u00e9s de nuestros formularios de contacto y de comentarios. Recuerda que no est\u00e1s obligado a darnos tu consentimiento para el tratamiento de tus datos, pero de no hacerlo, no podr\u00e9 hacerte llegar informaci\u00f3n que sea de tu inter\u00e9s a trav\u00e9s de nuestros canales de comunicaci\u00f3n.<\/p>\n\n\n\n<div class=\"wp-block-uagb-advanced-heading uagb-block-5dab1e9e\"><h2 class=\"uagb-heading-text\"><strong>POL\u00cdTICA DE COOKIES<\/strong><\/h2><\/div>\n\n\n\n<p>Esta p\u00e1gina web utiliza cookies para mejorar el servicio de informaci\u00f3n p\u00fablica de www.richibass.com mediante el an\u00e1lisis de sus h\u00e1bitos de navegaci\u00f3n. Las cookies son identi\ufb01cadores alfanum\u00e9ricos que su navegador web almacena en su ordenador, tableta o tel\u00e9fono m\u00f3vil con la \ufb01nalidad de hacer la navegaci\u00f3n por nuestro sitio m\u00e1s e\ufb01ciente, ya que permiten a los sistemas de www.richibass.com reconocer el navegador cuando visite nuestra web en el futuro.<\/p>\n\n\n\n<p>Puede con\ufb01gurar su navegador para que no almacene cookies. La mayor\u00eda de navegadores ofrecen a los usuarios ayuda sobre como con\ufb01gurar la aceptaci\u00f3n de nuevas cookies, con\ufb01gurar noti\ufb01caciones o desactivarlas por completo.<\/p>\n\n\n\n<p>www. richibass.com tambi\u00e9n utiliza Google Analytics, un servicio de anal\u00edtica web prestado por Google, Inc., que coloca cookies en su dispositivo con la \u00fanica \ufb01nalidad de evaluar el tipo de navegaci\u00f3n que realice por la p\u00e1gina web y presentar informes de actividad en el sitio web. Al utilizar este sitio web usted consiente el tratamiento de informaci\u00f3n acerca suyo en la forma y para los \ufb01nes arriba indicados.<\/p>\n\n\n\n<p>Puede rechazar el tratamiento de los datos o la informaci\u00f3n rechazando el uso de cookies mediante la selecci\u00f3n de la con\ufb01guraci\u00f3n apropiada de su navegador, sin embargo, debe saber que si lo hace es probable que no pueda usar la plena funcionalidad de este website. Para m\u00e1s informaci\u00f3n sobre las cookies utilizadas por Google Analytics <strong>pinche&nbsp;<a href=\"https:\/\/developers.google.com\/analytics\/devguides\/collection\/analyticsjs\/cookie-usage\">aqu\u00ed<\/a><\/strong>.<\/p>\n\n\n\n<p>Para m\u00e1s informaci\u00f3n sobre cookies y pol\u00edtica de privacidad de Google Analytics <strong>pinche&nbsp;<a href=\"https:\/\/support.google.com\/analytics\/answer\/6004245\">aqu\u00ed<\/a><\/strong>.<\/p>\n\n\n\n<p>Para m\u00e1s informaci\u00f3n sobre el complemento de inhabilitaci\u00f3n para navegadores de Google Analytics <strong>pinche&nbsp;<a href=\"https:\/\/support.google.com\/analytics\/answer\/181881?hl=es\">aqu\u00ed<\/a><\/strong>.<\/p>\n\n\n\n<div class=\"wp-block-uagb-advanced-heading uagb-block-353d7d9d\"><h2 class=\"uagb-heading-text\"><strong>AVISO LEGAL<\/strong><\/h2><\/div>\n\n\n\n<p><strong>Datos del propietario&nbsp;<\/strong><\/p>\n\n\n\n<p>Conforme a lo establecido en la Ley de Servicios de la Sociedad de la Informaci\u00f3n (LSSI), se informa a los usuarios de www. richibass.com (en adelante, richibass.com) que estos son los datos del propietario de este sitio web:<\/p>\n\n\n\n<p>Nombre: Ricardo Tirado<\/p>\n\n\n\n<p>E-mail de Contacto:&nbsp;richibass@gmail.com<\/p>\n\n\n\n<p>En este espacio, los usuarios encontrar\u00e1n toda la informaci\u00f3n relativa a los t\u00e9rminos y condiciones legales que de\ufb01nen las relaciones entre ellos y www.richibass.com. Como usuario, es importante que conozcas estos t\u00e9rminos antes de continuar tu navegaci\u00f3n. Ricardo Tirado, como responsable de richibass.com, asume el compromiso de procesar la informaci\u00f3n de nuestros usuarios y clientes con plenas garant\u00edas y cumplir con los requisitos nacionales y europeos que regulan la recopilaci\u00f3n y uso de los datos personales de nuestros usuarios.<\/p>\n\n\n\n<p>richibass.com, por tanto, cumple rigurosamente con el RGPD (REGLAMENTO (UE) 2016\/679 de protecci\u00f3n de datos) y la LSSI-CE (Ley 34\/2002, de 11 de julio, de Servicios de la Sociedad de la Informaci\u00f3n y de Comercio Electr\u00f3nico). Condiciones generales de uso: Las presentes Condiciones Generales regulan el uso (incluyendo el mero acceso) de las p\u00e1ginas integrantes de richibass.com, incluidos los contenidos y servicios puestos a disposici\u00f3n en ellas. Toda persona que acceda a richibass.com acepta someterse a las Condiciones Generales vigentes en cada momento en ella.<\/p>\n\n\n\n<p><strong>Medidas de seguridad<\/strong><\/p>\n\n\n\n<p>Los datos personales comunicados por el usuario a Ricardo Tirado, pueden ser almacenados en bases de datos automatizadas o no, cuya titularidad corresponde en exclusiva a Ricardo Tirado asumiendo \u00e9sta todas las medidas de \u00edndole t\u00e9cnica, organizativa y de seguridad que garantizan la con\ufb01dencialidad, integridad y calidad de la informaci\u00f3n contenida en las mismas de acuerdo con lo establecido en la normativa vigente en protecci\u00f3n de datos.<\/p>\n\n\n\n<p>La comunicaci\u00f3n entre los usuarios y Ricardo Tirado utiliza un canal seguro, y los datos transmitidos son cifrados gracias a protocolos a HTTPS. Por tanto, garantizamos las mejores condiciones de seguridad para que la con\ufb01dencialidad de los usuarios est\u00e9 garantizada.<\/p>\n\n\n\n<p><strong>Reclamaciones<\/strong><\/p>\n\n\n\n<p>El usuario podr\u00e1 realizar reclamaciones remitiendo un correo electr\u00f3nico a richibass@gmail.com&nbsp; indicando su nombre y apellidos, el servicio adquirido y exponiendo los motivos de su reclamaci\u00f3n.<\/p>\n\n\n\n<div class=\"wp-block-uagb-advanced-heading uagb-block-cdd85a03\"><h2 class=\"uagb-heading-text\"><strong>Derechos de propiedad intelectual e industrial<\/strong><\/h2><\/div>\n\n\n\n<p>En virtud de lo dispuesto en la Ley de Propiedad Intelectual, quedan expresamente prohibidas la reproducci\u00f3n, la distribuci\u00f3n y la comunicaci\u00f3n p\u00fablica, incluida su modalidad de puesta a disposici\u00f3n, de la totalidad o parte de los contenidos de richibass.com, con \ufb01nes comerciales, en cualquier soporte y por cualquier medio t\u00e9cnico, sin la autorizaci\u00f3n de Ricardo Tirado. El usuario se compromete a respetar los derechos de Propiedad Intelectual e Industrial titularidad de Ricardo Tirado.<\/p>\n\n\n\n<p>El usuario conoce y acepta que la totalidad de richibass.com, conteniendo sin car\u00e1cter exhaustivo el texto, software, contenidos (incluyendo estructura, selecci\u00f3n, ordenaci\u00f3n y presentaci\u00f3n de los mismos) podcast, fotograf\u00edas, material audiovisual y gr\u00e1\ufb01cos, est\u00e1 protegida por marcas, derechos de autor y otros derechos leg\u00edtimos, de acuerdo con los tratados internacionales en los que Espa\u00f1a es parte y otros derechos de propiedad y leyes de Espa\u00f1a. En el caso de que un usuario o un tercero consideren que se ha producido una violaci\u00f3n de sus leg\u00edtimos derechos de propiedad intelectual por la introducci\u00f3n de un determinado contenido de richibass.com, deber\u00e1 noti\ufb01car dicha circunstancia a Quiero Trabajo, indicando:<\/p>\n\n\n\n<p>\u2013 Datos personales del interesado titular de los derechos presuntamente infringidos, o indicar la representaci\u00f3n con la que act\u00faa en caso de que la reclamaci\u00f3n la presente un tercero distinto del interesado.<\/p>\n\n\n\n<p>\u2013 Se\u00f1alar los contenidos protegidos por los derechos de propiedad intelectual y su ubicaci\u00f3n en richibass.com, la acreditaci\u00f3n de los derechos de propiedad intelectual se\u00f1alados y declaraci\u00f3n expresa en la que el interesado se responsabiliza de la veracidad de las informaciones facilitadas en la noti\ufb01caci\u00f3n.<\/p>\n\n\n\n<p><strong>Enlaces externos<\/strong><\/p>\n\n\n\n<p>richibass.com puede proporcionar enlaces a otros sitios web y contenidos que son propiedad de terceros tales como:<\/p>\n\n\n\n<p>\u2013 Enlaces a webs de empresas colaboradoras.<\/p>\n\n\n\n<p>\u2013 Enlaces a noticias publicadas en los medios sobre Ricardo Tirado \u2013 Recursos El \u00fanico objeto de los enlaces es proporcionar al usuario la posibilidad de acceder a dichos enlaces. Ricardo Tirado no se responsabiliza en ning\u00fan caso de los resultados que puedan derivarse al usuario por acceso a dichos enlaces.<br><br>El usuario que se proponga establecer cualquier dispositivo t\u00e9cnico de enlace desde su sitio web a richibass.com, deber\u00e1 obtener la autorizaci\u00f3n previa y escrita de Ricardo Tirado. El establecimiento del enlace no implica en ning\u00fan caso la existencia de relaciones entre Ricardo Tirado y el propietario del sitio en el que se establezca el enlace, ni la aceptaci\u00f3n o aprobaci\u00f3n por parte de Ricardo Tirado de sus contenidos o servicios.<\/p>\n\n\n\n<div class=\"wp-block-uagb-advanced-heading uagb-block-577948d0\"><h2 class=\"uagb-heading-text\"><strong>Exclusi\u00f3n de garant\u00edas y responsabilidades&nbsp;<\/strong><\/h2><\/div>\n\n\n\n<p>Ricardo Tirado no otorga ninguna garant\u00eda ni se hace responsable, en ning\u00fan caso, de los da\u00f1os y perjuicios de cualquier naturaleza que pudieran traer causa de:<\/p>\n\n\n\n<p>\u2013 La falta de disponibilidad, mantenimiento y efectivo funcionamiento de richibass.com, o de sus servicios y contenidos.<\/p>\n\n\n\n<p>\u2013 La existencia de virus, programas maliciosos o lesivos en los contenidos.<\/p>\n\n\n\n<p>\u2013 El uso il\u00edcito, negligente, fraudulento o contrario a este Aviso Legal.<\/p>\n\n\n\n<p>\u2013 La falta de licitud, calidad, \ufb01abilidad, utilidad y disponibilidad de los servicios prestados por terceros y puestos a disposici\u00f3n de los usuarios en otros sitios web ajenos al presente.<\/p>\n\n\n\n<p>\u2013 Los da\u00f1os que pudieran dimanar del uso ilegal o indebido de richibass.com.<\/p>\n\n\n\n<p>Contacto: En caso de que cualquier usuario tuviese alguna duda acerca de estas Condiciones Legales o cualquier comentario sobre richibass.com, por favor dir\u00edjase a richibass@gmail.com&nbsp;El Aviso Legal fue actualizado por \u00faltima vez el 20 de Julio de 2018.<\/p>","protected":false},"excerpt":{"rendered":"<p>Qui\u00e9n soy Soy Ricardo Tirado, y la direcci\u00f3n oficial registrada de mi web es: https:\/\/richibass.com. Comentarios Cuando los visitantes dejan comentarios en la web, recopilamos los datos que se muestran en el formulario de comentarios, as\u00ed como la direcci\u00f3n IP del visitante y la cadena de agentes de usuario del navegador para ayudar a la [&hellip;]<\/p>","protected":false},"author":1,"featured_media":0,"parent":0,"menu_order":0,"comment_status":"closed","ping_status":"open","template":"","meta":{"_uag_custom_page_level_css":"","site-sidebar-layout":"default","site-content-layout":"","ast-site-content-layout":"default","site-content-style":"default","site-sidebar-style":"default","ast-global-header-display":"","ast-banner-title-visibility":"","ast-main-header-display":"","ast-hfb-above-header-display":"","ast-hfb-below-header-display":"","ast-hfb-mobile-header-display":"","site-post-title":"","ast-breadcrumbs-content":"","ast-featured-img":"","footer-sml-layout":"","ast-disable-related-posts":"","theme-transparent-header-meta":"","adv-header-id-meta":"","stick-header-meta":"","header-above-stick-meta":"","header-main-stick-meta":"","header-below-stick-meta":"","astra-migrate-meta-layouts":"default","ast-page-background-enabled":"default","ast-page-background-meta":{"desktop":{"background-color":"","background-image":"","background-repeat":"repeat","background-position":"center center","background-size":"auto","background-attachment":"scroll","background-type":"","background-media":"","overlay-type":"","overlay-color":"","overlay-opacity":"","overlay-gradient":""},"tablet":{"background-color":"","background-image":"","background-repeat":"repeat","background-position":"center center","background-size":"auto","background-attachment":"scroll","background-type":"","background-media":"","overlay-type":"","overlay-color":"","overlay-opacity":"","overlay-gradient":""},"mobile":{"background-color":"","background-image":"","background-repeat":"repeat","background-position":"center center","background-size":"auto","background-attachment":"scroll","background-type":"","background-media":"","overlay-type":"","overlay-color":"","overlay-opacity":"","overlay-gradient":""}},"ast-content-background-meta":{"desktop":{"background-color":"var(--ast-global-color-5)","background-image":"","background-repeat":"repeat","background-position":"center center","background-size":"auto","background-attachment":"scroll","background-type":"","background-media":"","overlay-type":"","overlay-color":"","overlay-opacity":"","overlay-gradient":""},"tablet":{"background-color":"var(--ast-global-color-5)","background-image":"","background-repeat":"repeat","background-position":"center center","background-size":"auto","background-attachment":"scroll","background-type":"","background-media":"","overlay-type":"","overlay-color":"","overlay-opacity":"","overlay-gradient":""},"mobile":{"background-color":"var(--ast-global-color-5)","background-image":"","background-repeat":"repeat","background-position":"center center","background-size":"auto","background-attachment":"scroll","background-type":"","background-media":"","overlay-type":"","overlay-color":"","overlay-opacity":"","overlay-gradient":""}},"footnotes":""},"class_list":["post-3","page","type-page","status-publish","hentry"],"uagb_featured_image_src":{"full":false,"thumbnail":false,"medium":false,"medium_large":false,"large":false,"1536x1536":false,"2048x2048":false,"trp-custom-language-flag":false},"uagb_author_info":{"display_name":"richibass","author_link":"https:\/\/richibass.com\/en\/author\/richibass\/"},"uagb_comment_info":0,"uagb_excerpt":"Qui\u00e9n soy Soy Ricardo Tirado, y la direcci\u00f3n oficial registrada de mi web es: https:\/\/richibass.com. Comentarios Cuando los visitantes dejan comentarios en la web, recopilamos los datos que se muestran en el formulario de comentarios, as\u00ed como la direcci\u00f3n IP del visitante y la cadena de agentes de usuario del navegador para ayudar a la&hellip;","_links":{"self":[{"href":"https:\/\/richibass.com\/en\/wp-json\/wp\/v2\/pages\/3","targetHints":{"allow":["GET"]}}],"collection":[{"href":"https:\/\/richibass.com\/en\/wp-json\/wp\/v2\/pages"}],"about":[{"href":"https:\/\/richibass.com\/en\/wp-json\/wp\/v2\/types\/page"}],"author":[{"embeddable":true,"href":"https:\/\/richibass.com\/en\/wp-json\/wp\/v2\/users\/1"}],"replies":[{"embeddable":true,"href":"https:\/\/richibass.com\/en\/wp-json\/wp\/v2\/comments?post=3"}],"version-history":[{"count":4,"href":"https:\/\/richibass.com\/en\/wp-json\/wp\/v2\/pages\/3\/revisions"}],"predecessor-version":[{"id":1847,"href":"https:\/\/richibass.com\/en\/wp-json\/wp\/v2\/pages\/3\/revisions\/1847"}],"wp:attachment":[{"href":"https:\/\/richibass.com\/en\/wp-json\/wp\/v2\/media?parent=3"}],"curies":[{"name":"wp","href":"https:\/\/api.w.org\/{rel}","templated":true}]}}